{"id":1280,"date":"2021-07-17T11:32:47","date_gmt":"2021-07-17T09:32:47","guid":{"rendered":"http:\/\/www.littlez.fr\/?page_id=1280"},"modified":"2021-08-01T14:27:29","modified_gmt":"2021-08-01T12:27:29","slug":"agence","status":"publish","type":"page","link":"https:\/\/www.littlez.fr\/index.php\/agence\/","title":{"rendered":""},"content":{"rendered":"<div class=\"wpb-content-wrapper\"><p>[vc_row][vc_column width=&#8221;1\/6&#8243;][\/vc_column][vc_column width=&#8221;2\/6&#8243;][vc_single_image image=&#8221;1282&#8243; img_size=&#8221;large&#8221; alignment=&#8221;right&#8221;][\/vc_column][vc_column width=&#8221;2\/6&#8243;][vc_column_text css=&#8221;.vc_custom_1626514773090{margin-top: 20px !important;margin-right: 20px !important;margin-bottom: 20px !important;margin-left: 20px !important;}&#8221;]<strong>Little Z est une micro-agence install\u00e9e \u00e0 Die.<\/strong><\/p>\n<p>Une agence \u00ab artisanale \u00bb d\u2019architecture qui r\u00e9pond \u00e0 des projets de tailles diverses, mais qui s\u2019est donn\u00e9 comme ligne directive d\u00e8s le d\u00e9part, comme \u00e9thique professionnelle:<\/p>\n<p>&#8211; de \u00ab r\u00e9sister \u00bb \u00e0 la pression \u00e9conomique et de continuer \u00e0 r\u00e9pondre \u00e0 la demande sur des petits projets\u00a0 d\u2019architecture, en neuf comme en r\u00e9novation.<\/p>\n<p>&#8211; de rester proches et suffisamment disponibles pour nos clients ou pour les artisans et entreprises qui nous\u00a0 accompagnent, seule garantie, selon nous, de la bonne r\u00e9alisation de nos projets et de leur qualit\u00e9.<\/p>\n<p>&#8211; de rester abordables et raisonnables, en termes de co\u00fbts d\u2019honoraires d\u2019architecte au vu des budgets cons\u00e9quents \u00e0 mettre en\u00a0 \u0153uvre aujourd\u2019hui pour les ma\u00eetres d\u2019ouvrage pour acheter un bien, construire et\/ou r\u00e9nover, s\u2019\u00e9quiper, etc.<\/p>\n<p>&#8211; de ne pas refuser l\u2019acc\u00e8s \u00e0 la conception architecturale \u00e0 des clients qui ont des projets de taille et de budgets modestes et qui ne sauraient pas sinon o\u00f9 se tourner\u00a0 pour trouver une r\u00e9ponse \u00e0 leurs besoins, et ce malgr\u00e9 une rentabilit\u00e9 \u00ab border-line \u00bb difficile \u00e0 tenir face au volume des charges fixes, important \u00e0 l\u2019heure actuelle.<\/p>\n<p>&#8211; de travailler dans un esprit durable, en termes de conception et de r\u00e9alisation.<\/p>\n<p>De nombreuses agences d\u2019architecture, d\u00e8s qu\u2019elles sont de taille un peu plus importante, ne peuvent plus r\u00e9pondre aujourd\u2019hui \u00e0 cette demande. Il y a des r\u00e9els probl\u00e8mes de rentabilit\u00e9 par rapport au temps \u00e0 passer dans les phases d\u2019\u00e9tudes, puis pour la bonne coordination de l\u2019ensemble en phase chantier, car c\u2019est \u00e0 chaque fois l\u2019\u00e9tude puis la r\u00e9alisation d\u2019un petit prototype qui est en jeu.<\/p>\n<p>Nous voulons \u00e0 tout prix garder \u00ab chez Little Z \u00bb, une dimension \u00ab sociale \u00bb de l\u2019architecture, une ouverture, une accessibilit\u00e9. Etre proche des gens, de leurs besoins. Etre \u00e9galement soucieux d\u2019une forme de transmission et de partage de nos connaissances et de nos comp\u00e9tences dans ce domaine.<\/p>\n<p>Dans ce sens, Judith F\u00e9lix-Faure d\u00e9veloppe depuis cinq ans des projets de sensibilisation \u00e0 l\u2019architecture et a suivi en 2014 la formation \u00ab Transmettre l\u2019architecture \u00bb, organis\u00e9e par l\u2019Ecole Nationale Sup\u00e9rieure d\u2019Architecture de Grenoble, ainsi que divers stages et \u00e9v\u00e8nements autour de cette question de la transmission.[\/vc_column_text][\/vc_column][vc_column width=&#8221;1\/6&#8243;][\/vc_column][\/vc_row]<\/p>\n<\/div>","protected":false},"excerpt":{"rendered":"[vc_row][vc_column width=&#8221;1\/6&#8243;][\/vc_column][vc_column width=&#8221;2\/6&#8243;][vc_single_image image=&#8221;1282&#8243; img_size=&#8221;large&#8221; alignment=&#8221;right&#8221;][\/vc_column][vc_column width=&#8221;2\/6&#8243;][vc_column_text css=&#8221;.vc_custom_1626514773090{margin-top: 20px !important;margin-right: 20px !important;margin-bottom: 20px !important;margin-left: 20px !important;}&#8221;]Little Z est une micro-agence install\u00e9e \u00e0 Die. Une agence \u00ab artisanale \u00bb d\u2019architecture qui r\u00e9pond \u00e0 des projets de tailles diverses, mais qui s\u2019est donn\u00e9 comme ligne directive d\u00e8s le d\u00e9part, comme \u00e9thique professionnelle: &#8211; de \u00ab r\u00e9sister \u00bb&#8230;","protected":false},"author":1,"featured_media":0,"parent":0,"menu_order":0,"comment_status":"closed","ping_status":"closed","template":"","meta":{"footnotes":""},"class_list":["post-1280","page","type-page","status-publish","hentry"],"_links":{"self":[{"href":"https:\/\/www.littlez.fr\/index.php\/wp-json\/wp\/v2\/pages\/1280","targetHints":{"allow":["GET"]}}],"collection":[{"href":"https:\/\/www.littlez.fr\/index.php\/wp-json\/wp\/v2\/pages"}],"about":[{"href":"https:\/\/www.littlez.fr\/index.php\/wp-json\/wp\/v2\/types\/page"}],"author":[{"embeddable":true,"href":"https:\/\/www.littlez.fr\/index.php\/wp-json\/wp\/v2\/users\/1"}],"replies":[{"embeddable":true,"href":"https:\/\/www.littlez.fr\/index.php\/wp-json\/wp\/v2\/comments?post=1280"}],"version-history":[{"count":10,"href":"https:\/\/www.littlez.fr\/index.php\/wp-json\/wp\/v2\/pages\/1280\/revisions"}],"predecessor-version":[{"id":1293,"href":"https:\/\/www.littlez.fr\/index.php\/wp-json\/wp\/v2\/pages\/1280\/revisions\/1293"}],"wp:attachment":[{"href":"https:\/\/www.littlez.fr\/index.php\/wp-json\/wp\/v2\/media?parent=1280"}],"curies":[{"name":"wp","href":"https:\/\/api.w.org\/{rel}","templated":true}]}}