{"id":1314,"date":"2021-07-17T12:42:35","date_gmt":"2021-07-17T10:42:35","guid":{"rendered":"https:\/\/www.littlez.fr\/?page_id=1314"},"modified":"2025-06-13T11:39:41","modified_gmt":"2025-06-13T09:39:41","slug":"contact","status":"publish","type":"page","link":"https:\/\/www.littlez.fr\/index.php\/contact\/","title":{"rendered":""},"content":{"rendered":"<div class=\"wpb-content-wrapper\"><p>[vc_row][vc_column width=&#8221;1\/6&#8243;][\/vc_column][vc_column width=&#8221;2\/3&#8243;][vc_column_text]<\/p>\n<h1 style=\"text-align: left;\"><strong>Nous contacter<\/strong><\/h1>\n<p>[\/vc_column_text][\/vc_column][vc_column width=&#8221;1\/6&#8243;][\/vc_column][\/vc_row][vc_row][vc_column][vc_empty_space height=&#8221;30&#8243;][\/vc_column][\/vc_row][vc_row][vc_column width=&#8221;1\/6&#8243;][\/vc_column][vc_column width=&#8221;2\/3&#8243;][vc_column_text css=&#8221;&#8221;]<strong>LITTLE Z, Agence d&#8217;architecture et de paysage, 31 rue de Chastel, 26150 Die &#8211; 04.75.21.95.50<\/strong><\/p>\n<p>Judith F\u00e9lix-Faure, architecte DPLG inscrite \u00e0 l&#8217;Ordre, g\u00e9rante &#8211; judith@littlez.fr &#8211; 06.85.19.28.69<\/p>\n<p>Tha\u00efs Bruy\u00e8re, dipl\u00f4m\u00e9e d&#8217;\u00e9tat en architecture HMONP, collaboratrice &#8211; thais@littlez.fr<\/p>\n<p>Jean-Michel Couton, DEA am\u00e9nagement du territoire, collaborateur &#8211; jeanmichel@littlez.fr<\/p>\n<p>Caterina Cicognani, architecte dipl\u00f4m\u00e9e d&#8217;\u00e9tat en architecture HMONP, collaboratrice &#8211; caterina@littlez.fr[\/vc_column_text][\/vc_column][\/vc_row][vc_row][vc_column][vc_empty_space height=&#8221;50&#8243;][\/vc_column][\/vc_row][vc_row][vc_column][vc_gmaps link=&#8221;#E-8_JTNDaWZyYW1lJTIwc3JjJTNEJTIyaHR0cHMlM0ElMkYlMkZ3d3cuZ29vZ2xlLmNvbSUyRm1hcHMlMkZlbWJlZCUzRnBiJTNEJTIxMW0xOCUyMTFtMTIlMjExbTMlMjExZDMwMDEuNzczNjcxNDM3NDkyMyUyMTJkNS4zNzI0MjQ3MTQ0NTg0MSUyMTNkNDQuNzU0MzY2MDExMzUyMDYlMjEybTMlMjExZjAlMjEyZjAlMjEzZjAlMjEzbTIlMjExaTEwMjQlMjEyaTc2OCUyMTRmMTMuMSUyMTNtMyUyMTFtMiUyMTFzMHgxMmNhYjczYmY2MGM3NDc1JTI1M0EweDIzOTU5NjI5ZDgzM2VhNDIlMjEyc0xpdHRsZSUyNTIwWiUyMTVlMCUyMTNtMiUyMTFzZnIlMjEyc2ZyJTIxNHYxNjI2NTE4Mjg3OTE1JTIxNW0yJTIxMXNmciUyMTJzZnIlMjIlMjB3aWR0aCUzRCUyMjYwMCUyMiUyMGhlaWdodCUzRCUyMjQ1MCUyMiUyMHN0eWxlJTNEJTIyYm9yZGVyJTNBMCUzQiUyMiUyMGFsbG93ZnVsbHNjcmVlbiUzRCUyMiUyMiUyMGxvYWRpbmclM0QlMjJsYXp5JTIyJTNFJTNDJTJGaWZyYW1lJTNF&#8221; size=&#8221;600&#8243;][\/vc_column][\/vc_row]<\/p>\n<\/div>","protected":false},"excerpt":{"rendered":"[vc_row][vc_column width=&#8221;1\/6&#8243;][\/vc_column][vc_column width=&#8221;2\/3&#8243;][vc_column_text] Nous contacter [\/vc_column_text][\/vc_column][vc_column width=&#8221;1\/6&#8243;][\/vc_column][\/vc_row][vc_row][vc_column][vc_empty_space height=&#8221;30&#8243;][\/vc_column][\/vc_row][vc_row][vc_column width=&#8221;1\/6&#8243;][\/vc_column][vc_column width=&#8221;2\/3&#8243;][vc_column_text css=&#8221;&#8221;]LITTLE Z, Agence d&#8217;architecture et de paysage, 31 rue de Chastel, 26150 Die &#8211; 04.75.21.95.50 Judith F\u00e9lix-Faure, architecte DPLG inscrite \u00e0 l&#8217;Ordre, g\u00e9rante &#8211; judith@littlez.fr &#8211; 06.85.19.28.69 Tha\u00efs Bruy\u00e8re, dipl\u00f4m\u00e9e d&#8217;\u00e9tat en architecture HMONP, collaboratrice &#8211; thais@littlez.fr Jean-Michel Couton, DEA am\u00e9nagement du territoire, collaborateur &#8211;&#8230;","protected":false},"author":1,"featured_media":0,"parent":0,"menu_order":0,"comment_status":"closed","ping_status":"closed","template":"","meta":{"footnotes":""},"class_list":["post-1314","page","type-page","status-publish","hentry"],"_links":{"self":[{"href":"https:\/\/www.littlez.fr\/index.php\/wp-json\/wp\/v2\/pages\/1314","targetHints":{"allow":["GET"]}}],"collection":[{"href":"https:\/\/www.littlez.fr\/index.php\/wp-json\/wp\/v2\/pages"}],"about":[{"href":"https:\/\/www.littlez.fr\/index.php\/wp-json\/wp\/v2\/types\/page"}],"author":[{"embeddable":true,"href":"https:\/\/www.littlez.fr\/index.php\/wp-json\/wp\/v2\/users\/1"}],"replies":[{"embeddable":true,"href":"https:\/\/www.littlez.fr\/index.php\/wp-json\/wp\/v2\/comments?post=1314"}],"version-history":[{"count":21,"href":"https:\/\/www.littlez.fr\/index.php\/wp-json\/wp\/v2\/pages\/1314\/revisions"}],"predecessor-version":[{"id":2060,"href":"https:\/\/www.littlez.fr\/index.php\/wp-json\/wp\/v2\/pages\/1314\/revisions\/2060"}],"wp:attachment":[{"href":"https:\/\/www.littlez.fr\/index.php\/wp-json\/wp\/v2\/media?parent=1314"}],"curies":[{"name":"wp","href":"https:\/\/api.w.org\/{rel}","templated":true}]}}